{"id":9740,"date":"2026-01-11T17:35:55","date_gmt":"2026-01-11T17:35:55","guid":{"rendered":"https:\/\/cartidecopii.ro\/?post_type=product&#038;p=9740"},"modified":"2026-01-11T17:37:52","modified_gmt":"2026-01-11T17:37:52","slug":"plansa-harta-fizica-europa-harta-politica-europa-a4","status":"publish","type":"product","link":"https:\/\/cartidecopii.ro\/index.php\/produs\/plansa-harta-fizica-europa-harta-politica-europa-a4\/","title":{"rendered":"PLAN\u0218\u0102 HARTA FIZIC\u0102 EUROPA. HARTA POLITIC\u0102 EUROPA A4"},"content":{"rendered":"<p>PLANSA CARTON PLASTIFIAT A4 FA\u021a\u0102-VERSO CONTINE: HARTA FIZIC\u0102 EUROPA HARTA POLITIC\u0102 EUROPA<\/p>\n<p>H\u0102R\u021aILE SUNT DE UN REAL AJUTOR PENTRU ELEVI LA CLAS\u0102.<\/p>\n","protected":false},"excerpt":{"rendered":"<p>PLANSA CARTON PLASTIFIAT A4 FA\u021a\u0102-VERSO CONTINE: HARTA FIZIC\u0102 EUROPA HARTA POLITIC\u0102 EUROPA H\u0102R\u021aILE SUNT DE UN REAL AJUTOR PENTRU ELEVI LA CLAS\u0102.<\/p>\n","protected":false},"featured_media":9741,"comment_status":"open","ping_status":"closed","template":"","meta":[],"product_cat":[71,73],"product_tag":[177,176],"class_list":{"0":"post-9740","1":"product","2":"type-product","3":"status-publish","4":"has-post-thumbnail","6":"product_cat-clase-gimnaziale","7":"product_cat-geografie","8":"product_tag-geografie-harti-planse","9":"product_tag-harti","11":"first","12":"instock","13":"sale","14":"shipping-taxable","15":"purchasable","16":"product-type-simple"},"jetpack_sharing_enabled":true,"_links":{"self":[{"href":"https:\/\/cartidecopii.ro\/index.php\/wp-json\/wp\/v2\/product\/9740","targetHints":{"allow":["GET"]}}],"collection":[{"href":"https:\/\/cartidecopii.ro\/index.php\/wp-json\/wp\/v2\/product"}],"about":[{"href":"https:\/\/cartidecopii.ro\/index.php\/wp-json\/wp\/v2\/types\/product"}],"replies":[{"embeddable":true,"href":"https:\/\/cartidecopii.ro\/index.php\/wp-json\/wp\/v2\/comments?post=9740"}],"wp:featuredmedia":[{"embeddable":true,"href":"https:\/\/cartidecopii.ro\/index.php\/wp-json\/wp\/v2\/media\/9741"}],"wp:attachment":[{"href":"https:\/\/cartidecopii.ro\/index.php\/wp-json\/wp\/v2\/media?parent=9740"}],"wp:term":[{"taxonomy":"product_cat","embeddable":true,"href":"https:\/\/cartidecopii.ro\/index.php\/wp-json\/wp\/v2\/product_cat?post=9740"},{"taxonomy":"product_tag","embeddable":true,"href":"https:\/\/cartidecopii.ro\/index.php\/wp-json\/wp\/v2\/product_tag?post=9740"}],"curies":[{"name":"wp","href":"https:\/\/api.w.org\/{rel}","templated":true}]}}